{"id":3922,"date":"2022-06-14T14:58:20","date_gmt":"2022-06-14T13:58:20","guid":{"rendered":"https:\/\/aimoapp.se\/?page_id=3922"},"modified":"2025-10-20T11:12:58","modified_gmt":"2025-10-20T10:12:58","slug":"terms-and-conditions","status":"publish","type":"page","link":"https:\/\/aimoapp.se\/en\/terms-and-conditions\/","title":{"rendered":"Terms and Conditions"},"content":{"rendered":"<div class=\"fusion-fullwidth fullwidth-box fusion-builder-row-1 fusion-flex-container nonhundred-percent-fullwidth non-hundred-percent-height-scrolling\" style=\"background-color: rgba(255,255,255,0);background-position: center center;background-repeat: no-repeat;border-width: 0px 0px 0px 0px;border-color:var(--awb-color3);border-style:solid;\" ><div class=\"fusion-builder-row fusion-row fusion-flex-align-items-flex-start\" style=\"max-width:1310.4px;margin-left: calc(-4% \/ 2 );margin-right: calc(-4% \/ 2 );\"><div class=\"fusion-layout-column fusion_builder_column fusion-builder-column-0 fusion_builder_column_1_1 1_1 fusion-flex-column\"><div class=\"fusion-column-wrapper fusion-flex-justify-content-flex-start fusion-content-layout-column\" style=\"background-position:left top;background-blend-mode: overlay;background-repeat:no-repeat;-webkit-background-size:cover;-moz-background-size:cover;-o-background-size:cover;background-size:cover;padding: 0px 0px 0px 0px;\"><div class=\"fusion-text fusion-text-1\"><h5 class=\"fusion-responsive-typography-calculated\" style=\"--fontsize: 20; line-height: 1.4; --minfontsize: 20;\" data-fontsize=\"20\" data-lineheight=\"28px\">The Terms and Conditions for Aimo are only available in Swedish.<\/h5>\n<\/div><div class=\"fusion-text fusion-text-2\"><h2>AVTALSVILLKOR F\u00d6R TJ\u00c4NSTEN \u201dAIMO\u201d<\/h2>\n<p>Dessa villkor reglerar f\u00f6rh\u00e5llandet mellan Aimo Park (\u201dAimo Park\u201d) och fordonsf\u00f6raren (\u201cKunden\u201d) avseende betalningar av parkeringsavgift f\u00f6r parkering i de parkeringsanl\u00e4ggningar som uppl\u00e5ts av Aimo Park i n\u00e4rverks- och mobilmilj\u00f6 via mobilapplikationen \u201dAIMO\u201d och\/eller SMS (\u201dTj\u00e4nsten\u201d). Aimo Park m\u00f6jligg\u00f6r f\u00f6r Kunden att via Tj\u00e4nsten erl\u00e4gga parkeringsavgift, k\u00f6pa parkeringsprodukter (s.k. f\u00f6rk\u00f6p), till\u00e4ggstj\u00e4nster, v\u00e4gvisartj\u00e4nst (anvisar Kund till n\u00e4rliggande parkeringsplatser) och extra funktioner. Aimo Park kan rikta erbjudanden till Kunden via Tj\u00e4nsten.<\/p>\n<p>Tj\u00e4nsten kan endast anv\u00e4ndas p\u00e5 de parkeringsplatser som efter inloggning finns angivna i Tj\u00e4nsten och\/eller av skyltning p\u00e5 parkeringsomr\u00e5de. Med \u201dKund\u201d avses s\u00e5v\u00e4l juridiska som fysiska personer. Genom att ans\u00f6ka om registrering i Tj\u00e4nsten godk\u00e4nner Kunden avtalsvillkoren och att debiteras enligt de avgifter angivna i Tj\u00e4nsten d\u00e4r Kunden valt att parkera.<\/p>\n<h3>1 AIMO PARKS SKYLDIGHETER<\/h3>\n<p>Aimo Park erbjuder parkeringstj\u00e4nster i parkeringsanl\u00e4ggningar mot ers\u00e4ttning.<\/p>\n<p>Kunden ansvarar f\u00f6r att kontrollera trafikskyltarna i omr\u00e5det f\u00f6re parkering och att f\u00f6lja g\u00e4llande trafikregler och trafikskyltar i omr\u00e5det om de skiljer sig fr\u00e5n den information som ges i Aimo. Kunden \u00e4r skyldig att ta del av och f\u00f6lja samtliga best\u00e4mmelser, skyltning och ordningsf\u00f6reskrifter som vid var tid g\u00e4ller f\u00f6r aktuell parkeringsanl\u00e4ggning. Enbart erl\u00e4ggande av betalning f\u00f6ranleder s\u00e5ledes i sig inte en automatisk r\u00e4tt till uppst\u00e4llning av fordon.<\/p>\n<p>Aimo Park str\u00e4var efter att h\u00e5lla inneh\u00e5llet i sina mobiltj\u00e4nster och onlinetj\u00e4nster s\u00e5 uppdaterade som m\u00f6jligt. Aimo Park kan dock inte garantera att inneh\u00e5llet i mobiltj\u00e4nsterna och onlinetj\u00e4nsterna alltid \u00e4r korrekt. Aimo Park har inget ansvar f\u00f6r direkta eller indirekta skador, f\u00f6rluster eller kostnader som uppst\u00e5r i samband med anv\u00e4ndningen av dess mobiltj\u00e4nster och onlinetj\u00e4nster.<\/p>\n<p>Aimo Park har inget ansvar f\u00f6r skador p\u00e5 eller inbrott i fordon p\u00e5 parkeringsanl\u00e4ggningen. Aimo Park har inget ansvar f\u00f6r indirekta och direkta skador som orsakas p\u00e5 fordon till f\u00f6ljd av parkering, k\u00f6rning eller tredje parts handlingar i omr\u00e5det.<\/p>\n<h3>2 KUNDENS SKYLDIGHETER<\/h3>\n<p>Kunden f\u00f6rbinder sig att parkera i enlighet med reglerna och skyltningen. Det \u00e4r Kundens ansvar att kontrollera trafikskyltarna i omr\u00e5det f\u00f6re parkering. Kunden f\u00f6rbinder sig att f\u00f6lja de aktuella best\u00e4mmelserna, trafikreglerna och trafikskyltarna, \u00e4ven om de skiljer sig fr\u00e5n den information som tillhandah\u00e5lls i Aimo. Kund f\u00e5r nyttja Tj\u00e4nsten f\u00f6r parkering av ett (1) fordon per tillst\u00e5nd\/biljett och i enlighet med ev. markeringar vid uppm\u00e4rkta parkeringsplatser Endast ett (1) fordon per parkeringsruta f\u00e5r uppst\u00e4llas.<\/p>\n<p>Kunden har inte r\u00e4tt att sl\u00e4ppa in obeh\u00f6riga personer i parkeringsanl\u00e4ggningen. Kunden f\u00f6rbinder sig att f\u00f6lja parkeringsanl\u00e4ggningens g\u00e4llande regler och f\u00f6reskrifter. Kunden har ingen r\u00e4tt att utf\u00f6ra underh\u00e5ll eller reparationer, ladda fordonet (annat \u00e4n enligt villkoren f\u00f6r Laddningstj\u00e4nsten vid laddningsstationen, se \u00a7 6) eller tv\u00e4tta fordonet i parkeringsanl\u00e4ggningen.<\/p>\n<p>Aimo Park kan visa Kundens uppskattade plats, t.ex. via GPS eller Bluetooth-anslutning, f\u00f6r att underl\u00e4tta parkeringsuppl\u00e5telsen. Kunden ska dock bekr\u00e4fta sitt eget parkeringsomr\u00e5de fr\u00e5n kartan eller menyn och ansvarar f\u00f6r att fordonet markeras p\u00e5 r\u00e4tt omr\u00e5de och att parkering betalas f\u00f6r r\u00e4tt omr\u00e5de &amp; zon.<\/p>\n<p>Det \u00e4r Kundens ansvar att parkeringen p\u00e5b\u00f6rjas och avslutas korrekt. Vidare \u00e4r det Kundens ansvar att starta parkeringen med r\u00e4tt registreringsnummer och zonkod. Vid anv\u00e4ndande av Tj\u00e4nsten skall Kunden, f\u00f6r att f\u00f6rs\u00e4kra sig att parkering p\u00e5b\u00f6rjats, s\u00e4kerst\u00e4lla att bekr\u00e4ftelse erh\u00e5llits.<\/p>\n<p>Appen kan, i f\u00f6rekommande fall, g\u00f6ra det m\u00f6jligt att anv\u00e4nda funktionen f\u00f6r automatisk start och slut av parkeringstiden baserat p\u00e5 kameraavl\u00e4sning av registreringsskyltar av Kundens fordon samt information om plats och parkeringstid. N\u00e4r Kunden anv\u00e4nder de automatiserade tj\u00e4nsterna ska kunden ansvara f\u00f6r att s\u00e4kerst\u00e4lla att parkeringstiden startar n\u00e4r Kunden k\u00f6r in i parkeringsanl\u00e4ggningen och avslutas n\u00e4r Kunden k\u00f6r ut ur parkeringsanl\u00e4ggningen via Appen.<\/p>\n<p>Vid anv\u00e4ndning av Appen eller webbutiken ansvarar Kunden f\u00f6r att den information som l\u00e4mnas i samband med betalningen \u00e4r korrekt och att till exempel fordonets registreringsnummer och parkeringsomr\u00e5det \u00e4r korrekt och att betalningen i fr\u00e5ga avser registreringsnumret f\u00f6r det parkerade fordonet. Om Kunden registrerar flera fordon i Appen ska Kunden i Appen v\u00e4lja vilket av de registrerade fordonen som \u00e4r parkerat den aktuella tidpunkten.<\/p>\n<p>Om Kunden har beretts tillg\u00e5ng till ett f\u00f6retagskonto finns m\u00f6jlighet f\u00f6r Kunden att erl\u00e4gga betalning genom Kundens f\u00f6retag. Om Kunden nyttjar denna m\u00f6jlighet garanterar Kunden att densamme har r\u00e4tt att anv\u00e4nda f\u00f6retagskontot f\u00f6r betalning av den relevanta best\u00e4llningen. Om Kunden inte har r\u00e4tt att anv\u00e4nda f\u00f6retagskontot f\u00f6r betalning och g\u00f6r det \u00e4nd\u00e5 kan Kunden komma att debiteras f\u00f6r genomf\u00f6rda best\u00e4llningar genom f\u00f6retagskontot.<\/p>\n<p>Kunden ansvarar f\u00f6r att det betalkort som anv\u00e4nds\/registreras i Tj\u00e4nsten \u00e4r funktionellt och giltigt, att de uppgifter som l\u00e4mnats till Aimo Park om betalkortet \u00e4r aktuella och korrekta, att Kunden har r\u00e4tt att anv\u00e4nda betalkortet, att anv\u00e4ndningen av betalkortet inte \u00e4r blockerad och att det betalkonto som \u00e4r kopplat till det har tillr\u00e4ckliga medel. Kunden ansvarar f\u00f6r att h\u00e5lla informationen om betalkortet uppdaterad. Aimo Park str\u00e4var efter att p\u00e5minna Kunden om att betalkortet l\u00f6per ut och dess konsekvenser innan betalkortet l\u00f6per ut.<\/p>\n<p>Parkeringen debiteras per parkering och Kunden ansvarar f\u00f6r att starta och vid behov stoppa parkeringen i fr\u00e5ga. N\u00e4r parkeringen p\u00e5b\u00f6rjas kan en deposition g\u00f6ras fr\u00e5n betalkortet, vilket \u00e4r en uppskattning av den kommande avgiften, och depositionen kan vara h\u00f6gre eller l\u00e4gre \u00e4n den faktiska parkeringsavgiften.<\/p>\n<p>Aimo Park \u00e4r inte skyldig att ers\u00e4tta Kunden f\u00f6r outnyttjad parkeringstid, till exempel om Kunden inte har avslutat parkeringen. \u00c4ven parkering som startar automatiskt, t.ex. parkering baserad p\u00e5 automatisk registrering av registreringsskyltar, \u00e4r det Kundens ansvar att kontrollera att Appen har registrerat att parkeringen \u00e4r avslutad. Kunden ansvarar f\u00f6r att se till att all n\u00f6dv\u00e4ndig information har angetts i Appen\/onlinetj\u00e4nsten och att den angivna informationen \u00e4r korrekt. Kunden ansvarar f\u00f6r att han\/hon har parkerat fordonet korrekt, markerat och bekr\u00e4ftat parkeringsomr\u00e5det korrekt, att betalningstransaktionen har p\u00e5b\u00f6rjats och att betalningstransaktionens start kan verifieras fr\u00e5n Appen.<\/p>\n<p>Kunden \u00e4r inf\u00f6rst\u00e5dd i att om t.ex. fordonsdata eller omr\u00e5deskod har angetts\/valts felaktigt eller ofullst\u00e4ndigt i Appen eller i webbutiken kan kontrollavgift eller parkeringsanm\u00e4rkning utf\u00e4rdas.<\/p>\n<p>Kunden \u00e4r ansvarig f\u00f6r att se till att den smartphone eller annan mobil enhet som anv\u00e4nds f\u00f6r Tj\u00e4nsten fungerar korrekt och \u00e4r kompatibel med appen, och att Kunden har en korrekt uppdaterad version av Appen. Kunden kan kontrollera kraven f\u00f6r att anv\u00e4nda Appen p\u00e5 Tj\u00e4nstens webbplats eller med Aimo Parks kundtj\u00e4nst.<\/p>\n<p>Om Appen inte \u00e4r tillg\u00e4nglig eller g\u00e5r att anv\u00e4nda av n\u00e5gon annan anledning \u00e4r Kunden skyldig att betala parkeringsavgiften p\u00e5 annat s\u00e4tt, t.ex. via att ringa Aimo Parks kundtj\u00e4nst. Aimo Park har ingen skyldighet att \u00e5terbetala rabatter f\u00f6r den period d\u00e5 Appen inte \u00e4r tillg\u00e4nglig.<\/p>\n<p>Tj\u00e4nsten kan nyttjas endast p\u00e5 parkeringsrutor d\u00e4r enbart avgift skall erl\u00e4ggas och inga andra uppst\u00e4llningsvillkor beh\u00f6ver uppfyllas dvs. f\u00f6r s.k. oreserverad plats. Reserverade platser, platser med tillst\u00e5nd och dyl. omfattas inte av betalning via Tj\u00e4nsten s\u00e5vida inte annat framg\u00e5r av Tj\u00e4nsten och av skyltningen p\u00e5 parkeringsomr\u00e5det.<\/p>\n<h3>3 PARKERINGSAVGIFT<\/h3>\n<p>Genom Appen kan Kunden p\u00e5b\u00f6rja parkering, ange prelimin\u00e4r parkeringstid, f\u00f6rbest\u00e4md sluttid samt f\u00f6rl\u00e4nga eller avsluta densamma. Parkeringsavgiftens storlek beror p\u00e5 vilken parkeringsanl\u00e4ggning som har valts och f\u00f6r den tid som valts. Avgift f\u00f6r vid i f\u00f6rekommande fall k\u00f6p av parkeringsprodukter (ex. f\u00f6rk\u00f6p av 30-dagarsbiljett) framg\u00e5r i Tj\u00e4nsten vid val av \u00f6nskad produkt.<\/p>\n<p>Betalning sker genom debitering av Kundens registrerade bank- eller kreditkort. Kund v\u00e4ljer och godk\u00e4nner betalningsmetod i samband med registreringsans\u00f6kan.<\/p>\n<p>Serviceavgifter tillkommer.<\/p>\n<h3>4 AVTALSTID OCH UPPS\u00c4GNING<\/h3>\n<p>R\u00e4tten att nyttja Tj\u00e4nsten g\u00e4ller under avtalstiden s\u00e5 l\u00e4nge Kunden har ett aktivt konto och fullg\u00f6r sina skyldigheter. Kund kan n\u00e4r som helst logga in och avsluta Tj\u00e4nsten eller avregistrera registrerat fordon under f\u00f6ruts\u00e4ttning att det inte finns obetalda restskulder.<\/p>\n<h3>5 \u00d6VERL\u00c5TELSE AV PARKERINGSR\u00c4TTIGHETER<\/h3>\n<p>Avtalet kan inte \u00f6verl\u00e5tas utan skriftligt godk\u00e4nnande fr\u00e5n Aimo Park. Aimo Park har r\u00e4tt att acceptera eller avsl\u00e5 en s\u00e5dan beg\u00e4ran efter eget omd\u00f6me. \u00d6verl\u00e5telsen kommer inte att godk\u00e4nnas om \u00f6verl\u00e5taren inte har uppfyllt alla sina skyldigheter gentemot Aimo Park.<\/p>\n<h3>6 LADDNINGSTJ\u00c4NST F\u00d6R ELBILAR (&#8220;LADDNINGSTJ\u00c4NST&#8221;)<\/h3>\n<p>I f\u00f6rekommande fall kan Appen anv\u00e4ndas f\u00f6r laddning av elbilar \u201dLaddningstj\u00e4nsten\u201d. Kunden \u00e4r ansvarig f\u00f6r att anv\u00e4nda Laddningstj\u00e4nsten och den utrustning som anv\u00e4nds f\u00f6r laddning i enlighet med bruksanvisningarna. Innan laddningen p\u00e5b\u00f6rjas ska Kunden se till att laddningssystemet f\u00f6r det fordon som ska laddas uppfyller den standard som anv\u00e4nds i Laddningstj\u00e4nsten och att Kundens fordon har de tekniska egenskaper som kr\u00e4vs f\u00f6r att laddas i laddningstj\u00e4nsten. Laddningskabeln ska anslutas, laddningen utf\u00f6ras och avslutas i enlighet med de fordonsspecifika anvisningarna och anvisningarna f\u00f6r laddningsplatsen. Kunden anv\u00e4nder Laddningstj\u00e4nsten p\u00e5 egen risk.<\/p>\n<p>Kunden kan, i f\u00f6rekommande fall, betala f\u00f6r anv\u00e4ndningen av Laddningstj\u00e4nsten med mobilapplikationen Aimo.<\/p>\n<p>Aimo Park har inget ansvar f\u00f6r att Laddningstj\u00e4nsten \u00e4r anpassad f\u00f6r Kunden. Kunden ansvarar f\u00f6r skador som orsakas av Kunden eller Kundens fordon n\u00e4r fordonet laddas. Aimo Park har inget ansvar f\u00f6r direkta eller indirekta skador som orsakas Kunden eller det fordon som Kunden anv\u00e4nder p\u00e5 grund av att Laddningstj\u00e4nsten inte \u00e4r tillg\u00e4nglig eller p\u00e5 grund av avbrott eller st\u00f6rningar i dess drift.<\/p>\n<h3>7 PERSONUPPGIFTER<\/h3>\n<p>Aimo Park avser att behandla uppgifter s\u00e5som namn, personnummer, adress, telefonnummer m.m. betr\u00e4ffande kunden f\u00f6r att fullg\u00f6ra sina \u00e5taganden enligt detta avtal, s\u00e5som t.ex. tillhandah\u00e5llande av tj\u00e4nster, administration, kundservice och fakturering.<\/p>\n<p>Kunden har r\u00e4tt att beg\u00e4ra att felaktiga uppgifter r\u00f6rande denne r\u00e4ttas, begr\u00e4nsas och i f\u00f6rekommande fall raderas. Kunden har ocks\u00e5 r\u00e4tt till dataportabilitet, att en g\u00e5ng per \u00e5r f\u00e5 kostnadsfri information om kunduppgifterna samt m\u00f6jlighet att l\u00e4mna in klagom\u00e5l till Integritetsskyddsmyndigheten (IMY). Information kring hantering av personuppgifter framg\u00e5r p\u00e5 www.aimopark.se under \u201dintegritetspolicy\u201d.<\/p>\n<h3>8 \u00d6VRIGT<\/h3>\n<p>Genom anv\u00e4ndning av Tj\u00e4nsten f\u00f6rv\u00e4rvar Kund ingen upphovs- eller immateriell \u00e4gander\u00e4tt till tj\u00e4nsterna eller \u00f6vrigt inneh\u00e5ll som kan \u00e5tkommas. Kund \u00e4ger inte r\u00e4tt till kopiering, l\u00e4nkning eller p\u00e5 annat s\u00e4tt f\u00f6rfoga \u00f6ver inneh\u00e5ll tillh\u00f6rande Aimo Park.<\/p>\n<p>Tvist med anledning av detta avtal skall avg\u00f6ras av allm\u00e4n domstol enligt svensk lag.<\/p>\n<p>Aimo Park kan kontaktas p\u00e5 telefonnummer\u00a0<a href=\"tel:0771969007\">0771-96 90 07<\/a>, eller e-postadressen\u00a0<a href=\"mailto:digitalaprodukter@aimopark.se\">digitalaprodukter@aimopark.se<\/a>. Aimo Parks webbplats finns p\u00e5\u00a0<a href=\"https:\/\/www.aimopark.se\/\">www.aimopark.se<\/a>.<\/p>\n<h3>9 FORCE MAJEUR<\/h3>\n<p>Aimo Park fritager sig fr\u00e5n skyldighet att fullg\u00f6ra sin del av avtalet och fr\u00e5n skyldighet att erl\u00e4gga skadest\u00e5nd om \u00e5taganden inte alls eller endast till onormalt h\u00f6g kostnad kan fullg\u00f6ras p\u00e5 grund av svenskt eller utl\u00e4ndskt lagbud, svensk eller utl\u00e4ndsk myndighets\u00e5tg\u00e4rd (t.ex. drivmedelsrestriktioner), krigsh\u00e4ndelse, terrorattack, eldsv\u00e5da, explosion, strejk, trafikoml\u00e4ggning, blockad, bojkott och lockout eller annan liknande omst\u00e4ndighet. F\u00f6rbeh\u00e5llet i fr\u00e5ga om strejk, blockad, bojkott och lockout g\u00e4ller \u00e4ven om Aimo Park sj\u00e4lv \u00e4r f\u00f6rem\u00e5l f\u00f6r eller vidtar s\u00e5dan konflikt\u00e5tg\u00e4rd.<\/p>\n<\/div><\/div><style type=\"text\/css\">.fusion-body .fusion-builder-column-0{width:100% !important;margin-top : 0px;margin-bottom : 0px;}.fusion-builder-column-0 > .fusion-column-wrapper {padding-top : 0px !important;padding-right : 0px !important;margin-right : 1.92%;padding-bottom : 0px !important;padding-left : 0px !important;margin-left : 1.92%;}@media only screen and (max-width:1200px) {.fusion-body .fusion-builder-column-0{width:100% !important;}.fusion-builder-column-0 > .fusion-column-wrapper {margin-right : 1.92%;margin-left : 1.92%;}}@media only screen and (max-width:640px) {.fusion-body .fusion-builder-column-0{width:100% !important;}.fusion-builder-column-0 > .fusion-column-wrapper {margin-right : 1.92%;margin-left : 1.92%;}}<\/style><\/div><\/div><style type=\"text\/css\">.fusion-body .fusion-flex-container.fusion-builder-row-1{ padding-top : 0px;margin-top : 0px;padding-right : 0px;padding-bottom : 0px;margin-bottom : 0px;padding-left : 0px;}<\/style><\/div>\n","protected":false},"excerpt":{"rendered":"","protected":false},"author":4,"featured_media":0,"parent":0,"menu_order":0,"comment_status":"closed","ping_status":"open","template":"","meta":{"inline_featured_image":false},"yoast_head":"<!-- This site is optimized with the Yoast SEO plugin v18.8 - https:\/\/yoast.com\/wordpress\/plugins\/seo\/ -->\n<title>Aimo - Terms and Conditions<\/title>\n<meta name=\"robots\" content=\"noindex, follow, max-snippet:-1, max-image-preview:large, max-video-preview:-1\" \/>\n<meta property=\"og:locale\" content=\"en_US\" \/>\n<meta property=\"og:type\" content=\"article\" \/>\n<meta property=\"og:title\" content=\"Aimo - Terms and Conditions\" \/>\n<meta property=\"og:url\" content=\"https:\/\/aimoapp.se\/en\/terms-and-conditions\/\" \/>\n<meta property=\"og:site_name\" content=\"Aimo\" \/>\n<meta property=\"article:modified_time\" content=\"2025-10-20T10:12:58+00:00\" \/>\n<meta name=\"twitter:card\" content=\"summary_large_image\" \/>\n<meta name=\"twitter:label1\" content=\"Est. reading time\" \/>\n\t<meta name=\"twitter:data1\" content=\"1 minute\" \/>\n<script type=\"application\/ld+json\" class=\"yoast-schema-graph\">{\"@context\":\"https:\/\/schema.org\",\"@graph\":[{\"@type\":\"WebSite\",\"@id\":\"https:\/\/aimoapp.se\/#website\",\"url\":\"https:\/\/aimoapp.se\/\",\"name\":\"Aimo\",\"description\":\"\u00c4nnu enklare parkering\",\"potentialAction\":[{\"@type\":\"SearchAction\",\"target\":{\"@type\":\"EntryPoint\",\"urlTemplate\":\"https:\/\/aimoapp.se\/?s={search_term_string}\"},\"query-input\":\"required name=search_term_string\"}],\"inLanguage\":\"en-US\"},{\"@type\":\"WebPage\",\"@id\":\"https:\/\/aimoapp.se\/en\/terms-and-conditions\/#webpage\",\"url\":\"https:\/\/aimoapp.se\/en\/terms-and-conditions\/\",\"name\":\"Aimo - Terms and Conditions\",\"isPartOf\":{\"@id\":\"https:\/\/aimoapp.se\/#website\"},\"datePublished\":\"2022-06-14T13:58:20+00:00\",\"dateModified\":\"2025-10-20T10:12:58+00:00\",\"breadcrumb\":{\"@id\":\"https:\/\/aimoapp.se\/en\/terms-and-conditions\/#breadcrumb\"},\"inLanguage\":\"en-US\",\"potentialAction\":[{\"@type\":\"ReadAction\",\"target\":[\"https:\/\/aimoapp.se\/en\/terms-and-conditions\/\"]}]},{\"@type\":\"BreadcrumbList\",\"@id\":\"https:\/\/aimoapp.se\/en\/terms-and-conditions\/#breadcrumb\",\"itemListElement\":[{\"@type\":\"ListItem\",\"position\":1,\"name\":\"Terms and Conditions\"}]}]}<\/script>\n<!-- \/ Yoast SEO plugin. -->","yoast_head_json":{"title":"Aimo - Terms and Conditions","robots":{"index":"noindex","follow":"follow","max-snippet":"max-snippet:-1","max-image-preview":"max-image-preview:large","max-video-preview":"max-video-preview:-1"},"og_locale":"en_US","og_type":"article","og_title":"Aimo - Terms and Conditions","og_url":"https:\/\/aimoapp.se\/en\/terms-and-conditions\/","og_site_name":"Aimo","article_modified_time":"2025-10-20T10:12:58+00:00","twitter_card":"summary_large_image","twitter_misc":{"Est. reading time":"1 minute"},"schema":{"@context":"https:\/\/schema.org","@graph":[{"@type":"WebSite","@id":"https:\/\/aimoapp.se\/#website","url":"https:\/\/aimoapp.se\/","name":"Aimo","description":"\u00c4nnu enklare parkering","potentialAction":[{"@type":"SearchAction","target":{"@type":"EntryPoint","urlTemplate":"https:\/\/aimoapp.se\/?s={search_term_string}"},"query-input":"required name=search_term_string"}],"inLanguage":"en-US"},{"@type":"WebPage","@id":"https:\/\/aimoapp.se\/en\/terms-and-conditions\/#webpage","url":"https:\/\/aimoapp.se\/en\/terms-and-conditions\/","name":"Aimo - Terms and Conditions","isPartOf":{"@id":"https:\/\/aimoapp.se\/#website"},"datePublished":"2022-06-14T13:58:20+00:00","dateModified":"2025-10-20T10:12:58+00:00","breadcrumb":{"@id":"https:\/\/aimoapp.se\/en\/terms-and-conditions\/#breadcrumb"},"inLanguage":"en-US","potentialAction":[{"@type":"ReadAction","target":["https:\/\/aimoapp.se\/en\/terms-and-conditions\/"]}]},{"@type":"BreadcrumbList","@id":"https:\/\/aimoapp.se\/en\/terms-and-conditions\/#breadcrumb","itemListElement":[{"@type":"ListItem","position":1,"name":"Terms and Conditions"}]}]}},"_links":{"self":[{"href":"https:\/\/aimoapp.se\/en\/wp-json\/wp\/v2\/pages\/3922"}],"collection":[{"href":"https:\/\/aimoapp.se\/en\/wp-json\/wp\/v2\/pages"}],"about":[{"href":"https:\/\/aimoapp.se\/en\/wp-json\/wp\/v2\/types\/page"}],"author":[{"embeddable":true,"href":"https:\/\/aimoapp.se\/en\/wp-json\/wp\/v2\/users\/4"}],"replies":[{"embeddable":true,"href":"https:\/\/aimoapp.se\/en\/wp-json\/wp\/v2\/comments?post=3922"}],"version-history":[{"count":11,"href":"https:\/\/aimoapp.se\/en\/wp-json\/wp\/v2\/pages\/3922\/revisions"}],"predecessor-version":[{"id":13955,"href":"https:\/\/aimoapp.se\/en\/wp-json\/wp\/v2\/pages\/3922\/revisions\/13955"}],"wp:attachment":[{"href":"https:\/\/aimoapp.se\/en\/wp-json\/wp\/v2\/media?parent=3922"}],"curies":[{"name":"wp","href":"https:\/\/api.w.org\/{rel}","templated":true}]}}